{"id":12,"date":"2025-09-03T21:09:03","date_gmt":"2025-09-04T03:09:03","guid":{"rendered":"https:\/\/sono.mx\/?page_id=12"},"modified":"2026-01-15T16:41:22","modified_gmt":"2026-01-15T22:41:22","slug":"nuestro-trabajo","status":"publish","type":"page","link":"https:\/\/sono.mx\/en_us\/nuestro-trabajo\/","title":{"rendered":"Work"},"content":{"rendered":"<div style=\"height:50px\" aria-hidden=\"true\" class=\"wp-block-spacer\"><\/div>\n\n\n\n<h2 class=\"wp-block-heading\">Post-Producci\u00f3n<\/h2>\n\n\n\n<div style=\"height:25px\" aria-hidden=\"true\" class=\"wp-block-spacer\"><\/div>\n\n\n\n<div class=\"wp-block-group is-layout-grid wp-container-core-group-is-layout-478b6e6b wp-block-group-is-layout-grid\">\n<figure class=\"wp-block-image size-large has-custom-border wp-container-content-f67f277b\" style=\"margin-top:var(--wp--preset--spacing--30);margin-right:var(--wp--preset--spacing--30);margin-bottom:var(--wp--preset--spacing--30);margin-left:var(--wp--preset--spacing--30)\"><img loading=\"lazy\" decoding=\"async\" width=\"768\" height=\"1024\" src=\"https:\/\/sono.mx\/wp-content\/uploads\/2025\/09\/poster-768x1024.png\" alt=\"\" class=\"wp-image-107\" style=\"border-style:none;border-width:0px;object-fit:cover\" srcset=\"https:\/\/sono.mx\/wp-content\/uploads\/2025\/09\/poster-768x1024.png 768w, https:\/\/sono.mx\/wp-content\/uploads\/2025\/09\/poster-225x300.png 225w, https:\/\/sono.mx\/wp-content\/uploads\/2025\/09\/poster-1152x1536.png 1152w, https:\/\/sono.mx\/wp-content\/uploads\/2025\/09\/poster.png 1296w\" sizes=\"auto, (max-width: 768px) 100vw, 768px\" \/><\/figure>\n\n\n\n<figure class=\"wp-block-image size-large\" style=\"margin-top:var(--wp--preset--spacing--30);margin-right:var(--wp--preset--spacing--30);margin-bottom:var(--wp--preset--spacing--30);margin-left:var(--wp--preset--spacing--30)\"><img loading=\"lazy\" decoding=\"async\" width=\"768\" height=\"1024\" src=\"https:\/\/sono.mx\/wp-content\/uploads\/2025\/09\/primer-periodo-poster-768x1024.jpg\" alt=\"\" class=\"wp-image-126\" srcset=\"https:\/\/sono.mx\/wp-content\/uploads\/2025\/09\/primer-periodo-poster-768x1024.jpg 768w, https:\/\/sono.mx\/wp-content\/uploads\/2025\/09\/primer-periodo-poster-225x300.jpg 225w, https:\/\/sono.mx\/wp-content\/uploads\/2025\/09\/primer-periodo-poster.jpg 909w\" sizes=\"auto, (max-width: 768px) 100vw, 768px\" \/><\/figure>\n<\/div>\n\n\n\n<div style=\"height:25px\" aria-hidden=\"true\" class=\"wp-block-spacer\"><\/div>\n\n\n\n<p class=\"has-small-font-size\">Cr\u00e9ditos<\/p>\n\n\n\n<div style=\"height:25px\" aria-hidden=\"true\" class=\"wp-block-spacer\"><\/div>\n\n\n\n<div class=\"wp-block-columns is-layout-flex wp-container-core-columns-is-layout-28f84493 wp-block-columns-is-layout-flex\">\n<div class=\"wp-block-column is-layout-flow wp-block-column-is-layout-flow\" style=\"border-style:none;border-width:0px;padding-right:0;padding-left:0\">\n<p><strong>El Sobrio<\/strong><\/p>\n\n\n\n<p><em>Cortometraje<\/em> | Edici\u00f3n \/ Dise\u00f1o Sonoro \/ Mezcla | 2026<\/p>\n\n\n\n<div style=\"height:15px\" aria-hidden=\"true\" class=\"wp-block-spacer\"><\/div>\n\n\n\n<p><strong>Fotograf\u00eda Rosales<\/strong><\/p>\n\n\n\n<p><em>Documental<\/em> | Edici\u00f3n \/ Dise\u00f1o Sonoro \/ Mezcla | 2026<\/p>\n\n\n\n<div style=\"height:15px\" aria-hidden=\"true\" class=\"wp-block-spacer\"><\/div>\n\n\n\n<p><strong>Heroes Ordinarios<\/strong><\/p>\n\n\n\n<p><em>Cortometraje<\/em> | Edici\u00f3n \/ Dise\u00f1o Sonoro \/ Mezcla | 2025<\/p>\n\n\n\n<div style=\"height:15px\" aria-hidden=\"true\" class=\"wp-block-spacer\"><\/div>\n\n\n\n<p><strong>Solo Con Tu Difunta<\/strong><\/p>\n\n\n\n<p><em>Cortometraje<\/em> | Edici\u00f3n \/ Dise\u00f1o Sonoro \/ Mezcla | 2025<\/p>\n\n\n\n<div style=\"height:15px\" aria-hidden=\"true\" class=\"wp-block-spacer\"><\/div>\n\n\n\n<p><strong>A La Media Noche, T2, E6<\/strong><\/p>\n\n\n\n<p><em>Serie<\/em> | Mezcla | 2025<\/p>\n\n\n\n<div style=\"height:15px\" aria-hidden=\"true\" class=\"wp-block-spacer\"><\/div>\n\n\n\n<p><strong>Monolith<\/strong><\/p>\n\n\n\n<p><em>Cortometraje<\/em> | Edici\u00f3n \/ Dise\u00f1o Sonoro \/ Mezcla | 2025<\/p>\n\n\n\n<div style=\"height:15px\" aria-hidden=\"true\" class=\"wp-block-spacer\"><\/div>\n\n\n\n<p><strong>De Noche<\/strong><\/p>\n\n\n\n<p><em>Cortometraje<\/em> | Edici\u00f3n \/ Dise\u00f1o Sonoro \/ Mezcla | 2025<\/p>\n\n\n\n<div style=\"height:15px\" aria-hidden=\"true\" class=\"wp-block-spacer\"><\/div>\n\n\n\n<p><strong>Vainilla<\/strong><\/p>\n\n\n\n<p><em>Pel\u00edcula<\/em> | ADR | 2025<\/p>\n<\/div>\n\n\n\n<div class=\"wp-block-column is-layout-flow wp-block-column-is-layout-flow\" style=\"border-style:none;border-width:0px;padding-right:0;padding-left:0\">\n<p><strong>La Ni\u00f1a de los Duraznos<\/strong><\/p>\n\n\n\n<p><em>Pel\u00edcula<\/em> | Edici\u00f3n | 2025<\/p>\n\n\n\n<div style=\"height:15px\" aria-hidden=\"true\" class=\"wp-block-spacer\"><\/div>\n\n\n\n<p><strong>Primer Per\u00edodo<\/strong><\/p>\n\n\n\n<p><em>Cortometraje<\/em> | Edici\u00f3n \/ Dise\u00f1o Sonoro \/ Mezcla | 2025<\/p>\n\n\n\n<div style=\"height:15px\" aria-hidden=\"true\" class=\"wp-block-spacer\"><\/div>\n\n\n\n<p><strong>Lo \u00daltimo Que Escuche de Samuel<\/strong><\/p>\n\n\n\n<p><em>Cortometraje<\/em> | Edici\u00f3n \/ Dise\u00f1o Sonoro \/ Mezcla | 2024<\/p>\n\n\n\n<div style=\"height:15px\" aria-hidden=\"true\" class=\"wp-block-spacer\"><\/div>\n\n\n\n<p><strong>Coyote<\/strong><\/p>\n\n\n\n<p><em>Cortometraje<\/em> | Edici\u00f3n \/ Dise\u00f1o Sonoro \/ Mezcla | 2024<\/p>\n\n\n\n<div style=\"height:15px\" aria-hidden=\"true\" class=\"wp-block-spacer\"><\/div>\n\n\n\n<p><strong>Nina Pasteler\u00eda<\/strong><\/p>\n\n\n\n<p><em>Comercial<\/em> | Edici\u00f3n \/ Dise\u00f1o Sonoro \/ Mezcla | 2020<\/p>\n\n\n\n<div style=\"height:15px\" aria-hidden=\"true\" class=\"wp-block-spacer\"><\/div>\n\n\n\n<p><strong>Despertar Femenino<\/strong><\/p>\n\n\n\n<p><em>Documental<\/em> | Edici\u00f3n \/ Dise\u00f1o Sonoro \/ Mezcla | 2016<\/p>\n<\/div>\n<\/div>\n\n\n\n<div style=\"height:50px\" aria-hidden=\"true\" class=\"wp-block-spacer\"><\/div>\n\n\n\n<h2 class=\"wp-block-heading\">Producci\u00f3n<\/h2>\n\n\n\n<p class=\"has-small-font-size\">Sonido Directo<\/p>\n\n\n\n<div style=\"height:50px\" aria-hidden=\"true\" class=\"wp-block-spacer\"><\/div>\n\n\n\n<div class=\"wp-block-columns is-layout-flex wp-container-core-columns-is-layout-28f84493 wp-block-columns-is-layout-flex\">\n<div class=\"wp-block-column is-layout-flow wp-block-column-is-layout-flow\" style=\"border-style:none;border-width:0px\">\n<p><strong>Fotograf\u00eda Rosales<\/strong><\/p>\n\n\n\n<p><em>Dir. Carlos Wong<\/em><\/p>\n\n\n\n<p>Documental \/ 2025<\/p>\n\n\n\n<div style=\"height:15px\" aria-hidden=\"true\" class=\"wp-block-spacer\"><\/div>\n\n\n\n<p><strong>TBA<\/strong><\/p>\n\n\n\n<p><em>Dir. Dulce Valencia<\/em><\/p>\n\n\n\n<p>Documental \/ 2025<\/p>\n\n\n\n<div style=\"height:15px\" aria-hidden=\"true\" class=\"wp-block-spacer\"><\/div>\n\n\n\n<p><strong>Heroes Ordinarios<\/strong><\/p>\n\n\n\n<p><em>Dir. Ignacio Quir\u00f3z<\/em><\/p>\n\n\n\n<p>Cortometraje \/ 2025<\/p>\n\n\n\n<div style=\"height:15px\" aria-hidden=\"true\" class=\"wp-block-spacer\"><\/div>\n\n\n\n<p><strong>Spot Publicitario<\/strong><\/p>\n\n\n\n<p><em>Dir. Pato Safa<\/em><\/p>\n\n\n\n<p>Comercial \/ 2025<\/p>\n\n\n\n<div style=\"height:15px\" aria-hidden=\"true\" class=\"wp-block-spacer\"><\/div>\n\n\n\n<p><strong>Big Crunch<\/strong><\/p>\n\n\n\n<p><em>Dir. Nels\u00f3n Hern\u00e1nde<\/em>z<\/p>\n\n\n\n<p>Cortometraje \/ 2025<\/p>\n\n\n\n<div style=\"height:15px\" aria-hidden=\"true\" class=\"wp-block-spacer\"><\/div>\n\n\n\n<p><strong>Lala x Alan por el mundo<\/strong><\/p>\n\n\n\n<p><em>Dir. Ian Elizalde<\/em><\/p>\n\n\n\n<p>Comercial \/ 2025<\/p>\n<\/div>\n\n\n\n<div class=\"wp-block-column is-layout-flow wp-block-column-is-layout-flow\" style=\"border-style:none;border-width:0px\">\n<p><strong>Solo Te Pido Una Cosa<\/strong><\/p>\n\n\n\n<p><em>Dir. Luis Fernando Villarreal<\/em><\/p>\n\n\n\n<p>Cortometraje \/ 2025<\/p>\n\n\n\n<div style=\"height:15px\" aria-hidden=\"true\" class=\"wp-block-spacer\"><\/div>\n\n\n\n<p><strong>Sello Postal<br><\/strong><em>Dir. Jos\u00e9 Rivera<\/em><br>Cortometraje \/ 2024<\/p>\n\n\n\n<div style=\"height:15px\" aria-hidden=\"true\" class=\"wp-block-spacer\"><\/div>\n\n\n\n<p><strong>De Noche<\/strong><br><em>Dir. Daster Rodr\u00edguez<\/em><br>Cortometraje \/ 2024<\/p>\n\n\n\n<div style=\"height:15px\" aria-hidden=\"true\" class=\"wp-block-spacer\"><\/div>\n\n\n\n<p><strong>El Sobrio<\/strong><br><em>Dir. \u00c1ngel Valdez<\/em><br>Cortometraje \/ 2024<\/p>\n\n\n\n<div style=\"height:15px\" aria-hidden=\"true\" class=\"wp-block-spacer\"><\/div>\n\n\n\n<p><strong>Lo \u00daltimo que Escuch\u00e9 de Samuel<\/strong><br><em>Dir. Ignacio Quir\u00f3z<\/em><br>Cortometraje \/ 2024<\/p>\n\n\n\n<div style=\"height:15px\" aria-hidden=\"true\" class=\"wp-block-spacer\"><\/div>\n\n\n\n<p><strong>Como Pacman<\/strong><br><em>Dir. Pato Safa<\/em><br>Videoclip \/ 2024<\/p>\n<\/div>\n\n\n\n<div class=\"wp-block-column is-layout-flow wp-block-column-is-layout-flow\" style=\"border-style:none;border-width:0px\">\n<p><strong>Inherente<\/strong><br><em>Dir. Alex Orozco<\/em><br>Cortometraje \/ 2023<\/p>\n\n\n\n<div style=\"height:15px\" aria-hidden=\"true\" class=\"wp-block-spacer\"><\/div>\n\n\n\n<p><strong>H\u00e9roes<\/strong><br><em>Dir. Ian Elizalde<\/em><br>Serie web \/ 2021<\/p>\n\n\n\n<div style=\"height:15px\" aria-hidden=\"true\" class=\"wp-block-spacer\"><\/div>\n\n\n\n<p><strong>\u00bfQui\u00e9n? \u00bfC\u00f3mo? \u00bfCu\u00e1ndo? y \u00bfD\u00f3nde?<\/strong><br><em>Dir. Victoria Garza<\/em><br>Cortometraje \/ 2021<\/p>\n\n\n\n<div style=\"height:15px\" aria-hidden=\"true\" class=\"wp-block-spacer\"><\/div>\n\n\n\n<p><strong>Nina Pasteler\u00eda<\/strong><br><em>Dir. Daniel Morado<\/em><br>Comercial \/ 2020<\/p>\n\n\n\n<div style=\"height:15px\" aria-hidden=\"true\" class=\"wp-block-spacer\"><\/div>\n\n\n\n<p><strong>Adi\u00f3s<\/strong><br><em>Dir. Juan Bar\u00e1n<\/em><br>Cortometraje \/ 2018<\/p>\n\n\n\n<div style=\"height:15px\" aria-hidden=\"true\" class=\"wp-block-spacer\"><\/div>\n\n\n\n<p><strong>Ad\u00e1n Soy tu Ave<\/strong><br><em>Dir. Andr\u00e9s Klimek<\/em><br>Pel\u00edcula \/ 2018<\/p>\n<\/div>\n<\/div>\n\n\n\n<div style=\"height:50px\" aria-hidden=\"true\" class=\"wp-block-spacer\"><\/div>\n\n\n\n<h2 class=\"wp-block-heading\">Audiolibros<\/h2>\n\n\n\n<div style=\"height:50px\" aria-hidden=\"true\" class=\"wp-block-spacer\"><\/div>\n\n\n\n<div class=\"wp-block-group is-layout-grid wp-container-core-group-is-layout-a25506d2 wp-block-group-is-layout-grid\" style=\"padding-right:0;padding-left:0\">\n<figure class=\"wp-block-image size-full\" style=\"margin-top:var(--wp--preset--spacing--30);margin-right:var(--wp--preset--spacing--30);margin-bottom:var(--wp--preset--spacing--30);margin-left:var(--wp--preset--spacing--30)\"><a href=\"https:\/\/www.audible.com\/es_US\/pd\/I-Know-What-the-Devil-Looks-Like-Audiolibro\/B0FHQS5M2L?source_code=ASSGB149080119000H&amp;share_location=pdp\" target=\"_blank\" rel=\" noreferrer noopener\"><img loading=\"lazy\" decoding=\"async\" width=\"500\" height=\"500\" src=\"https:\/\/sono.mx\/wp-content\/uploads\/2025\/09\/41lvU-jpd1L._SL500_.jpg\" alt=\"\" class=\"wp-image-109\" srcset=\"https:\/\/sono.mx\/wp-content\/uploads\/2025\/09\/41lvU-jpd1L._SL500_.jpg 500w, https:\/\/sono.mx\/wp-content\/uploads\/2025\/09\/41lvU-jpd1L._SL500_-300x300.jpg 300w, https:\/\/sono.mx\/wp-content\/uploads\/2025\/09\/41lvU-jpd1L._SL500_-150x150.jpg 150w\" sizes=\"auto, (max-width: 500px) 100vw, 500px\" \/><\/a><figcaption class=\"wp-element-caption\"><a href=\"https:\/\/www.audible.com\/es_US\/pd\/I-Know-What-the-Devil-Looks-Like-Audiolibro\/B0FHQS5M2L?qid=1757024940&amp;sr=1-1&amp;ref_pageloadid=not_applicable&amp;pf_rd_p=83218cca-c308-412f-bfcf-90198b687a2f&amp;pf_rd_r=FHXF5G8T3E1BVNH8MMX8&amp;plink=c5at772uyp9laHBW&amp;pageLoadId=S8sm7GVpdm0PFLbS&amp;creativeId=0d6f6720-f41c-457e-a42b-8c8dceb62f2c&amp;ref=a_search_c3_lProduct_1_1\">I<\/a><a href=\"https:\/\/www.audible.com\/es_US\/pd\/I-Know-What-the-Devil-Looks-Like-Audiolibro\/B0FHQS5M2L?source_code=ASSGB149080119000H&amp;share_location=pdp\" target=\"_blank\" rel=\"noreferrer noopener\"> Know What the Devil Looks Like<\/a><br>Autor: Pam E Ross<\/figcaption><\/figure>\n\n\n\n<p><\/p>\n<\/div>\n\n\n\n<div style=\"height:50px\" aria-hidden=\"true\" class=\"wp-block-spacer\"><\/div>","protected":false},"excerpt":{"rendered":"<p>Post-Producci\u00f3n Cr\u00e9ditos El Sobrio Cortometraje | Edici\u00f3n \/ Dise\u00f1o Sonoro \/ Mezcla | 2026 Fotograf\u00eda Rosales Documental | Edici\u00f3n \/ Dise\u00f1o Sonoro \/ Mezcla | 2026 Heroes Ordinarios Cortometraje | Edici\u00f3n \/ Dise\u00f1o Sonoro \/ Mezcla | 2025 Solo Con Tu Difunta Cortometraje | Edici\u00f3n \/ Dise\u00f1o Sonoro \/ Mezcla | 2025 A La Media [&hellip;]<\/p>\n","protected":false},"author":1,"featured_media":0,"parent":0,"menu_order":0,"comment_status":"closed","ping_status":"closed","template":"","meta":{"footnotes":""},"class_list":["post-12","page","type-page","status-publish","hentry"],"_links":{"self":[{"href":"https:\/\/sono.mx\/en_us\/wp-json\/wp\/v2\/pages\/12","targetHints":{"allow":["GET"]}}],"collection":[{"href":"https:\/\/sono.mx\/en_us\/wp-json\/wp\/v2\/pages"}],"about":[{"href":"https:\/\/sono.mx\/en_us\/wp-json\/wp\/v2\/types\/page"}],"author":[{"embeddable":true,"href":"https:\/\/sono.mx\/en_us\/wp-json\/wp\/v2\/users\/1"}],"replies":[{"embeddable":true,"href":"https:\/\/sono.mx\/en_us\/wp-json\/wp\/v2\/comments?post=12"}],"version-history":[{"count":23,"href":"https:\/\/sono.mx\/en_us\/wp-json\/wp\/v2\/pages\/12\/revisions"}],"predecessor-version":[{"id":178,"href":"https:\/\/sono.mx\/en_us\/wp-json\/wp\/v2\/pages\/12\/revisions\/178"}],"wp:attachment":[{"href":"https:\/\/sono.mx\/en_us\/wp-json\/wp\/v2\/media?parent=12"}],"curies":[{"name":"wp","href":"https:\/\/api.w.org\/{rel}","templated":true}]}}