{"id":2,"date":"2025-09-03T20:55:38","date_gmt":"2025-09-03T20:55:38","guid":{"rendered":"https:\/\/sono.mx\/?page_id=2"},"modified":"2025-12-17T12:20:44","modified_gmt":"2025-12-17T18:20:44","slug":"nosotros","status":"publish","type":"page","link":"https:\/\/sono.mx\/en_us\/nosotros\/","title":{"rendered":"Us"},"content":{"rendered":"<div class=\"wp-block-group is-content-justification-center is-nowrap is-layout-flex wp-container-core-group-is-layout-23441af8 wp-block-group-is-layout-flex\">\n<div class=\"wp-block-buttons is-layout-flex wp-block-buttons-is-layout-flex\">\n<div class=\"wp-block-button\"><a class=\"wp-block-button__link wp-element-button\">Nuestra Historia<\/a><\/div>\n<\/div>\n\n\n\n<div class=\"wp-block-buttons is-layout-flex wp-block-buttons-is-layout-flex\">\n<div class=\"wp-block-button\"><a class=\"wp-block-button__link wp-element-button\">Nuestro Espacio<\/a><\/div>\n<\/div>\n\n\n\n<div class=\"wp-block-buttons is-layout-flex wp-block-buttons-is-layout-flex\">\n<div class=\"wp-block-button\"><a class=\"wp-block-button__link wp-element-button\">Nuestro Equipo<\/a><\/div>\n<\/div>\n<\/div>\n\n\n\n<div style=\"height:50px\" aria-hidden=\"true\" class=\"wp-block-spacer\"><\/div>\n\n\n\n<h2 class=\"wp-block-heading\">Nuestra Historia<\/h2>\n\n\n\n<blockquote class=\"wp-block-quote is-layout-flow wp-block-quote-is-layout-flow\">\n<div style=\"height:25px\" aria-hidden=\"true\" class=\"wp-block-spacer\"><\/div>\n\n\n\n<p><strong>Sono.<\/strong> es un estudio de postproducci\u00f3n de audio enfocado en contar historias a trav\u00e9s del sonido. Trabajamos en cine, documentales, series, podcasts y proyectos audiovisuales donde el audio no es un complemento, sino una parte esencial del relato.<\/p>\n\n\n\n<p>Detr\u00e1s de <strong>Sono<\/strong>. est\u00e1 Daniel Hern\u00e1ndez, ingeniero de audio especializado en postproducci\u00f3n, con m\u00e1s de seis a\u00f1os de experiencia en proyectos audiovisuales. Ha trabajado en edici\u00f3n y dise\u00f1o sonoro, mezcla, ADR, foley y producci\u00f3n musical, colaborando con equipos creativos en M\u00e9xico y en el extranjero.<\/p>\n\n\n\n<p>En <strong>Sono.<\/strong> cuidamos cada detalle: desde la grabaci\u00f3n y organizaci\u00f3n del material, hasta la entrega final optimizada para plataformas y exhibici\u00f3n. Nos interesa crear sonidos que se sientan, que construyan atm\u00f3sferas y que acompa\u00f1en la narrativa de forma honesta y precisa.<\/p>\n\n\n\n<p>Creemos en el sonido como memoria, como identidad y como una herramienta poderosa para conectar con las personas.<\/p>\n<\/blockquote>\n\n\n\n<div class=\"wp-block-group has-global-padding is-layout-constrained wp-block-group-is-layout-constrained\">\n<div style=\"height:25px\" aria-hidden=\"true\" class=\"wp-block-spacer\"><\/div>\n\n\n\n<h2 class=\"wp-block-heading\">Nuestro Espacio<\/h2>\n\n\n\n<div style=\"height:50px\" aria-hidden=\"true\" class=\"wp-block-spacer\"><\/div>\n<\/div>\n\n\n\n<figure class=\"wp-block-gallery has-nested-images columns-default is-cropped wp-block-gallery-1 is-layout-flex wp-block-gallery-is-layout-flex\">\n<figure class=\"wp-block-image size-large\"><img loading=\"lazy\" decoding=\"async\" width=\"1024\" height=\"683\" data-id=\"102\" src=\"https:\/\/sono.mx\/wp-content\/uploads\/2025\/09\/Daniel-38-1024x683.jpeg\" alt=\"\" class=\"wp-image-102\" srcset=\"https:\/\/sono.mx\/wp-content\/uploads\/2025\/09\/Daniel-38-1024x683.jpeg 1024w, https:\/\/sono.mx\/wp-content\/uploads\/2025\/09\/Daniel-38-300x200.jpeg 300w, https:\/\/sono.mx\/wp-content\/uploads\/2025\/09\/Daniel-38-768x512.jpeg 768w, https:\/\/sono.mx\/wp-content\/uploads\/2025\/09\/Daniel-38-1536x1024.jpeg 1536w, https:\/\/sono.mx\/wp-content\/uploads\/2025\/09\/Daniel-38-2048x1365.jpeg 2048w\" sizes=\"auto, (max-width: 1024px) 100vw, 1024px\" \/><\/figure>\n\n\n\n<figure class=\"wp-block-image size-large\"><img loading=\"lazy\" decoding=\"async\" width=\"1024\" height=\"683\" data-id=\"103\" src=\"https:\/\/sono.mx\/wp-content\/uploads\/2025\/09\/Daniel-23-1024x683.jpeg\" alt=\"\" class=\"wp-image-103\" srcset=\"https:\/\/sono.mx\/wp-content\/uploads\/2025\/09\/Daniel-23-1024x683.jpeg 1024w, https:\/\/sono.mx\/wp-content\/uploads\/2025\/09\/Daniel-23-300x200.jpeg 300w, https:\/\/sono.mx\/wp-content\/uploads\/2025\/09\/Daniel-23-768x512.jpeg 768w, https:\/\/sono.mx\/wp-content\/uploads\/2025\/09\/Daniel-23-1536x1024.jpeg 1536w, https:\/\/sono.mx\/wp-content\/uploads\/2025\/09\/Daniel-23-2048x1365.jpeg 2048w\" sizes=\"auto, (max-width: 1024px) 100vw, 1024px\" \/><\/figure>\n\n\n\n<figure class=\"wp-block-image size-large\"><img loading=\"lazy\" decoding=\"async\" width=\"1024\" height=\"683\" data-id=\"104\" src=\"https:\/\/sono.mx\/wp-content\/uploads\/2025\/09\/Daniel-33-1024x683.jpeg\" alt=\"\" class=\"wp-image-104\" srcset=\"https:\/\/sono.mx\/wp-content\/uploads\/2025\/09\/Daniel-33-1024x683.jpeg 1024w, https:\/\/sono.mx\/wp-content\/uploads\/2025\/09\/Daniel-33-300x200.jpeg 300w, https:\/\/sono.mx\/wp-content\/uploads\/2025\/09\/Daniel-33-768x512.jpeg 768w, https:\/\/sono.mx\/wp-content\/uploads\/2025\/09\/Daniel-33-1536x1024.jpeg 1536w, https:\/\/sono.mx\/wp-content\/uploads\/2025\/09\/Daniel-33-2048x1365.jpeg 2048w\" sizes=\"auto, (max-width: 1024px) 100vw, 1024px\" \/><\/figure>\n\n\n\n<figure class=\"wp-block-image size-large\"><img loading=\"lazy\" decoding=\"async\" width=\"1024\" height=\"683\" data-id=\"105\" src=\"https:\/\/sono.mx\/wp-content\/uploads\/2025\/09\/Daniel-42-1024x683.jpeg\" alt=\"\" class=\"wp-image-105\" srcset=\"https:\/\/sono.mx\/wp-content\/uploads\/2025\/09\/Daniel-42-1024x683.jpeg 1024w, https:\/\/sono.mx\/wp-content\/uploads\/2025\/09\/Daniel-42-300x200.jpeg 300w, https:\/\/sono.mx\/wp-content\/uploads\/2025\/09\/Daniel-42-768x512.jpeg 768w, https:\/\/sono.mx\/wp-content\/uploads\/2025\/09\/Daniel-42-1536x1024.jpeg 1536w, https:\/\/sono.mx\/wp-content\/uploads\/2025\/09\/Daniel-42-2048x1365.jpeg 2048w\" sizes=\"auto, (max-width: 1024px) 100vw, 1024px\" \/><\/figure>\n\n\n\n<figure class=\"wp-block-image size-large\"><img loading=\"lazy\" decoding=\"async\" width=\"1024\" height=\"1024\" data-id=\"55\" src=\"https:\/\/sono.mx\/wp-content\/uploads\/2025\/09\/32E1E8E8-932A-497D-9F3F-5D3F0D6ADF27-1-1024x1024.jpeg\" alt=\"\" class=\"wp-image-55\" srcset=\"https:\/\/sono.mx\/wp-content\/uploads\/2025\/09\/32E1E8E8-932A-497D-9F3F-5D3F0D6ADF27-1-1024x1024.jpeg 1024w, https:\/\/sono.mx\/wp-content\/uploads\/2025\/09\/32E1E8E8-932A-497D-9F3F-5D3F0D6ADF27-1-300x300.jpeg 300w, https:\/\/sono.mx\/wp-content\/uploads\/2025\/09\/32E1E8E8-932A-497D-9F3F-5D3F0D6ADF27-1-150x150.jpeg 150w, https:\/\/sono.mx\/wp-content\/uploads\/2025\/09\/32E1E8E8-932A-497D-9F3F-5D3F0D6ADF27-1-768x768.jpeg 768w, https:\/\/sono.mx\/wp-content\/uploads\/2025\/09\/32E1E8E8-932A-497D-9F3F-5D3F0D6ADF27-1.jpeg 1440w\" sizes=\"auto, (max-width: 1024px) 100vw, 1024px\" \/><\/figure>\n<\/figure>\n\n\n\n<div style=\"height:50px\" aria-hidden=\"true\" class=\"wp-block-spacer\"><\/div>\n\n\n\n<h2 class=\"wp-block-heading\">Nuestro Equipo<\/h2>","protected":false},"excerpt":{"rendered":"<p>Nuestra Historia Nuestro Espacio Nuestro Equipo<\/p>","protected":false},"author":1,"featured_media":0,"parent":0,"menu_order":0,"comment_status":"closed","ping_status":"open","template":"","meta":{"footnotes":""},"class_list":["post-2","page","type-page","status-publish","hentry"],"_links":{"self":[{"href":"https:\/\/sono.mx\/en_us\/wp-json\/wp\/v2\/pages\/2","targetHints":{"allow":["GET"]}}],"collection":[{"href":"https:\/\/sono.mx\/en_us\/wp-json\/wp\/v2\/pages"}],"about":[{"href":"https:\/\/sono.mx\/en_us\/wp-json\/wp\/v2\/types\/page"}],"author":[{"embeddable":true,"href":"https:\/\/sono.mx\/en_us\/wp-json\/wp\/v2\/users\/1"}],"replies":[{"embeddable":true,"href":"https:\/\/sono.mx\/en_us\/wp-json\/wp\/v2\/comments?post=2"}],"version-history":[{"count":7,"href":"https:\/\/sono.mx\/en_us\/wp-json\/wp\/v2\/pages\/2\/revisions"}],"predecessor-version":[{"id":168,"href":"https:\/\/sono.mx\/en_us\/wp-json\/wp\/v2\/pages\/2\/revisions\/168"}],"wp:attachment":[{"href":"https:\/\/sono.mx\/en_us\/wp-json\/wp\/v2\/media?parent=2"}],"curies":[{"name":"wp","href":"https:\/\/api.w.org\/{rel}","templated":true}]}}