{"id":58,"date":"2025-09-03T21:03:40","date_gmt":"2025-09-04T03:03:40","guid":{"rendered":"https:\/\/sono.mx\/?page_id=58"},"modified":"2025-12-17T12:25:20","modified_gmt":"2025-12-17T18:25:20","slug":"servicios","status":"publish","type":"page","link":"https:\/\/sono.mx\/en_us\/servicios\/","title":{"rendered":"Services"},"content":{"rendered":"<div class=\"wp-block-group is-content-justification-center is-nowrap is-layout-flex wp-container-core-group-is-layout-23441af8 wp-block-group-is-layout-flex\">\n<div class=\"wp-block-buttons is-layout-flex wp-block-buttons-is-layout-flex\">\n<div class=\"wp-block-button\"><a class=\"wp-block-button__link wp-element-button\" href=\"#produccion\">Producci\u00f3n<\/a><\/div>\n<\/div>\n\n\n\n<div class=\"wp-block-buttons is-layout-flex wp-block-buttons-is-layout-flex\">\n<div class=\"wp-block-button\"><a class=\"wp-block-button__link wp-element-button\" href=\"#post-produccion\">Post-Producci\u00f3n<\/a><\/div>\n<\/div>\n<\/div>\n\n\n\n<div style=\"height:50px\" aria-hidden=\"true\" class=\"wp-block-spacer\"><\/div>\n\n\n\n<h2 class=\"wp-block-heading\" id=\"produccion\">Producci\u00f3n<\/h2>\n\n\n\n<div style=\"height:25px\" aria-hidden=\"true\" class=\"wp-block-spacer\"><\/div>\n\n\n\n<div class=\"wp-block-media-text is-stacked-on-mobile is-vertically-aligned-top\"><figure class=\"wp-block-media-text__media\"><img loading=\"lazy\" decoding=\"async\" width=\"1024\" height=\"683\" src=\"https:\/\/sono.mx\/wp-content\/uploads\/2025\/09\/Daniel-42-1024x683.jpeg\" alt=\"\" class=\"wp-image-105 size-full\" srcset=\"https:\/\/sono.mx\/wp-content\/uploads\/2025\/09\/Daniel-42-1024x683.jpeg 1024w, https:\/\/sono.mx\/wp-content\/uploads\/2025\/09\/Daniel-42-300x200.jpeg 300w, https:\/\/sono.mx\/wp-content\/uploads\/2025\/09\/Daniel-42-768x512.jpeg 768w, https:\/\/sono.mx\/wp-content\/uploads\/2025\/09\/Daniel-42-1536x1024.jpeg 1536w, https:\/\/sono.mx\/wp-content\/uploads\/2025\/09\/Daniel-42-2048x1365.jpeg 2048w\" sizes=\"auto, (max-width: 1024px) 100vw, 1024px\" \/><\/figure><div class=\"wp-block-media-text__content\">\n<p>Mezcla de sonido en locaci\u00f3n<\/p>\n\n\n\n<p>Grabaci\u00f3n de voz en off<\/p>\n\n\n\n<p>Grabaci\u00f3n de podcasts en locaci\u00f3n<\/p>\n\n\n\n<p>Grabaci\u00f3n multipista de conciertos<br>en vivo<\/p>\n\n\n\n<p>Grabaci\u00f3n y mezcla para proyectos<br>musicales en estudio<\/p>\n\n\n\n<p>Audio espacial y soluciones de<br>grabaci\u00f3n para realidad virtual<\/p>\n\n\n\n<p>Soluciones para transmisiones en<br>vivo<\/p>\n<\/div><\/div>\n\n\n\n<div style=\"height:50px\" aria-hidden=\"true\" class=\"wp-block-spacer\"><\/div>\n\n\n\n<h2 class=\"wp-block-heading\" id=\"post-produccion\">Post-Producci\u00f3n<\/h2>\n\n\n\n<div style=\"height:25px\" aria-hidden=\"true\" class=\"wp-block-spacer\"><\/div>\n\n\n\n<div class=\"wp-block-media-text has-media-on-the-right is-stacked-on-mobile\"><div class=\"wp-block-media-text__content\">\n<p>Mezcla en Dolby Atmos, Eclipsa Audio<\/p>\n\n\n\n<p>Conversi\u00f3n de est\u00e9reo a 5.1 \/ Mezcla<br>de 5.1 a est\u00e9reo<\/p>\n\n\n\n<p>ADR: Grabaci\u00f3n \/ Edici\u00f3n \/ Mezcla<\/p>\n\n\n\n<p>Edici\u00f3n y mezcla de di\u00e1logos<\/p>\n\n\n\n<p>Dise\u00f1o sonoro<\/p>\n\n\n\n<p>Foley<\/p>\n\n\n\n<p>Restauraci\u00f3n de audio<\/p>\n<\/div><figure class=\"wp-block-media-text__media\"><img loading=\"lazy\" decoding=\"async\" width=\"1024\" height=\"1024\" src=\"https:\/\/sono.mx\/wp-content\/uploads\/2025\/09\/32E1E8E8-932A-497D-9F3F-5D3F0D6ADF27-1024x1024.jpeg\" alt=\"\" class=\"wp-image-10 size-full\" srcset=\"https:\/\/sono.mx\/wp-content\/uploads\/2025\/09\/32E1E8E8-932A-497D-9F3F-5D3F0D6ADF27-1024x1024.jpeg 1024w, https:\/\/sono.mx\/wp-content\/uploads\/2025\/09\/32E1E8E8-932A-497D-9F3F-5D3F0D6ADF27-300x300.jpeg 300w, https:\/\/sono.mx\/wp-content\/uploads\/2025\/09\/32E1E8E8-932A-497D-9F3F-5D3F0D6ADF27-150x150.jpeg 150w, https:\/\/sono.mx\/wp-content\/uploads\/2025\/09\/32E1E8E8-932A-497D-9F3F-5D3F0D6ADF27-768x768.jpeg 768w, https:\/\/sono.mx\/wp-content\/uploads\/2025\/09\/32E1E8E8-932A-497D-9F3F-5D3F0D6ADF27.jpeg 1440w\" sizes=\"auto, (max-width: 1024px) 100vw, 1024px\" \/><\/figure><\/div>","protected":false},"excerpt":{"rendered":"<p>Producci\u00f3n Mezcla de sonido en locaci\u00f3n Grabaci\u00f3n de voz en off Grabaci\u00f3n de podcasts en locaci\u00f3n Grabaci\u00f3n multipista de conciertosen vivo Grabaci\u00f3n y mezcla para proyectosmusicales en estudio Audio espacial y soluciones degrabaci\u00f3n para realidad virtual Soluciones para transmisiones envivo Post-Producci\u00f3n Mezcla en Dolby Atmos, Eclipsa Audio Conversi\u00f3n de est\u00e9reo a 5.1 \/ Mezclade 5.1 [&hellip;]<\/p>\n","protected":false},"author":1,"featured_media":0,"parent":0,"menu_order":0,"comment_status":"closed","ping_status":"closed","template":"","meta":{"footnotes":""},"class_list":["post-58","page","type-page","status-publish","hentry"],"_links":{"self":[{"href":"https:\/\/sono.mx\/en_us\/wp-json\/wp\/v2\/pages\/58","targetHints":{"allow":["GET"]}}],"collection":[{"href":"https:\/\/sono.mx\/en_us\/wp-json\/wp\/v2\/pages"}],"about":[{"href":"https:\/\/sono.mx\/en_us\/wp-json\/wp\/v2\/types\/page"}],"author":[{"embeddable":true,"href":"https:\/\/sono.mx\/en_us\/wp-json\/wp\/v2\/users\/1"}],"replies":[{"embeddable":true,"href":"https:\/\/sono.mx\/en_us\/wp-json\/wp\/v2\/comments?post=58"}],"version-history":[{"count":5,"href":"https:\/\/sono.mx\/en_us\/wp-json\/wp\/v2\/pages\/58\/revisions"}],"predecessor-version":[{"id":169,"href":"https:\/\/sono.mx\/en_us\/wp-json\/wp\/v2\/pages\/58\/revisions\/169"}],"wp:attachment":[{"href":"https:\/\/sono.mx\/en_us\/wp-json\/wp\/v2\/media?parent=58"}],"curies":[{"name":"wp","href":"https:\/\/api.w.org\/{rel}","templated":true}]}}